{"id":185,"date":"2015-05-20T18:03:58","date_gmt":"2015-05-20T17:03:58","guid":{"rendered":"http:\/\/r2g.heinzl.cc\/?page_id=185"},"modified":"2015-05-21T19:13:48","modified_gmt":"2015-05-21T18:13:48","slug":"mondseelauf","status":"publish","type":"page","link":"http:\/\/r2g.heinzl.cc\/?page_id=185","title":{"rendered":"Mondseelauf"},"content":{"rendered":"<table border=\"0\" frame=\"VOID\" rules=\"NONE\" cellspacing=\"0\">\n<colgroup>\n<col width=\"267\" \/>\n<col width=\"86\" \/>\n<col width=\"86\" \/>\n<col width=\"86\" \/>\n<col width=\"86\" \/>\n<col width=\"173\" \/><\/colgroup>\n<tbody>\n<tr>\n<td align=\"LEFT\" width=\"267\" height=\"24\"><\/td>\n<td align=\"CENTER\" width=\"86\"><span style=\"font-size: large;\">Datum<\/span><\/td>\n<td align=\"CENTER\" width=\"86\"><\/td>\n<td align=\"CENTER\" width=\"86\"><\/td>\n<td align=\"CENTER\" width=\"86\"><span style=\"font-size: large;\">Land<\/span><\/td>\n<td align=\"CENTER\" width=\"173\"><span style=\"font-size: large;\">Stadt<\/span><\/td>\n<\/tr>\n<tr>\n<td align=\"LEFT\" height=\"24\"><\/td>\n<td align=\"CENTER\" bgcolor=\"#ffff66\"><b><span style=\"font-size: large;\">2015<\/span><\/b><\/td>\n<td align=\"CENTER\" bgcolor=\"#ffff66\"><b><span style=\"font-size: large;\">6<\/span><\/b><\/td>\n<td align=\"CENTER\" bgcolor=\"#ffff66\"><b><span style=\"font-size: large;\">7<\/span><\/b><\/td>\n<td align=\"CENTER\"><b><span style=\"font-size: large;\">AT<\/span><\/b><\/td>\n<td align=\"LEFT\"><b><span style=\"font-size: large;\">Mondseelauf<\/span><\/b><\/td>\n<\/tr>\n<tr>\n<td align=\"LEFT\" height=\"24\"><\/td>\n<td align=\"LEFT\"><\/td>\n<td align=\"LEFT\"><\/td>\n<td align=\"LEFT\"><\/td>\n<td align=\"LEFT\"><\/td>\n<td align=\"CENTER\"><\/td>\n<\/tr>\n<tr>\n<td align=\"LEFT\" height=\"24\"><span style=\"font-size: large;\">Details zur Veranstaltung<\/span><\/td>\n<td style=\"text-align: center;\" align=\"LEFT\">&gt;&gt;&gt;<\/td>\n<td style=\"text-align: center;\" align=\"LEFT\"><span style=\"font-size: large;\"> <a href=\"http:\/\/www.mondseelauf.at\/lauf\/allgemeines\/\" target=\"_blank\">Webinfo<\/a><\/span><\/td>\n<td style=\"text-align: center;\" align=\"LEFT\"><span style=\"font-size: large;\"> &lt;&lt;&lt;<\/span><\/td>\n<td align=\"LEFT\"><\/td>\n<td align=\"CENTER\"><\/td>\n<\/tr>\n<tr>\n<td align=\"LEFT\" height=\"24\"><\/td>\n<td align=\"LEFT\"><\/td>\n<td align=\"LEFT\"><\/td>\n<td align=\"LEFT\"><\/td>\n<td align=\"LEFT\"><\/td>\n<td align=\"CENTER\"><\/td>\n<\/tr>\n<tr>\n<td align=\"LEFT\" height=\"20\"><b><span style=\"font-size: medium;\">Betreuer:<\/span><\/b><\/td>\n<td align=\"LEFT\">\n<p dir=\"LTR\" align=\"LEFT\">Martin Helletzgruber<\/p>\n<\/td>\n<td align=\"LEFT\"><\/td>\n<td align=\"LEFT\"><\/td>\n<td align=\"LEFT\"><\/td>\n<td align=\"CENTER\"><\/td>\n<\/tr>\n<tr>\n<td align=\"LEFT\" height=\"20\"><\/td>\n<td align=\"LEFT\"><\/td>\n<td align=\"LEFT\"><\/td>\n<td align=\"LEFT\"><\/td>\n<td align=\"LEFT\"><\/td>\n<td align=\"CENTER\"><\/td>\n<\/tr>\n<tr>\n<td align=\"LEFT\" height=\"20\"><b><span style=\"font-size: medium;\">Athleten <\/span><\/b><\/td>\n<td align=\"LEFT\"><span lang=\"DE\">Samuel\u00a0 <\/span><span lang=\"DE\">Njeru KARANI<\/span><span lang=\"DE\">Francis Ekidor ERAIN<\/span><\/td>\n<td align=\"LEFT\"><\/td>\n<td align=\"LEFT\"><\/td>\n<td align=\"LEFT\"><\/td>\n<td align=\"CENTER\"><\/td>\n<\/tr>\n<tr>\n<td align=\"LEFT\" height=\"20\"><\/td>\n<td align=\"LEFT\"><\/td>\n<td align=\"LEFT\"><\/td>\n<td align=\"LEFT\"><\/td>\n<td align=\"LEFT\"><\/td>\n<td align=\"CENTER\"><\/td>\n<\/tr>\n<tr>\n<td align=\"LEFT\" height=\"20\"><span style=\"font-size: medium;\">Abholung von Ort \/ Zeit<\/span><\/td>\n<td align=\"LEFT\">\u00a0Loipersdorf<\/td>\n<td align=\"LEFT\">Martin ist ab Freitag in Loipersdorf, wird\u00a0am Samstag mit Samuel und Francis nach Mondsee fahren.<\/td>\n<td align=\"LEFT\"><span lang=\"DE\">Sie landen am 4.6. in Wien und Thomas Krejci bringt sie nach Loipersdorf <\/span><\/td>\n<td align=\"LEFT\"><\/td>\n<td align=\"CENTER\"><\/td>\n<\/tr>\n<tr>\n<td align=\"LEFT\" height=\"20\"><\/td>\n<td align=\"LEFT\"><\/td>\n<td align=\"LEFT\"><\/td>\n<td align=\"LEFT\"><\/td>\n<td align=\"LEFT\"><\/td>\n<td align=\"CENTER\"><\/td>\n<\/tr>\n<tr>\n<td align=\"LEFT\" height=\"20\"><span style=\"font-size: medium;\">\u00dcbernachtung <\/span><\/td>\n<td align=\"LEFT\">\u00a0JA<\/td>\n<td align=\"LEFT\">Von den Veranstaltern haben wir wieder ein Quartier f\u00fcr eine Nacht (Sa-So) f\u00fcr die 2 L\u00e4ufer und einen Betreuer.<\/td>\n<td align=\"LEFT\">\u00a0Quartier:<\/p>\n<p>xxx<\/td>\n<td align=\"LEFT\"><\/td>\n<td align=\"CENTER\"><\/td>\n<\/tr>\n<tr>\n<td align=\"LEFT\" height=\"20\"><\/td>\n<td align=\"LEFT\"><\/td>\n<td align=\"LEFT\"><\/td>\n<td align=\"LEFT\"><\/td>\n<td align=\"LEFT\"><\/td>\n<td align=\"CENTER\"><\/td>\n<\/tr>\n<tr>\n<td align=\"LEFT\" height=\"20\"><span style=\"font-size: medium;\">R\u00fccktransport nach Ort \/ Zeit<\/span><\/td>\n<td align=\"LEFT\">\u00a0Loipersdorf<\/td>\n<td align=\"LEFT\">Am Sonntag nach dem Wettkampf werd ich die beiden wieder nach Loipersdorf bringen.<\/td>\n<td align=\"LEFT\"><\/td>\n<td align=\"LEFT\"><\/td>\n<td align=\"CENTER\"><\/td>\n<\/tr>\n<tr>\n<td align=\"LEFT\" height=\"20\"><\/td>\n<td align=\"LEFT\"><span lang=\"DE\">\u00a0<\/span><\/td>\n<td align=\"LEFT\"><\/td>\n<td align=\"LEFT\"><\/td>\n<td align=\"LEFT\"><\/td>\n<td align=\"CENTER\"><\/td>\n<\/tr>\n<tr>\n<td align=\"LEFT\" height=\"20\"><\/td>\n<td align=\"LEFT\"><\/td>\n<td align=\"LEFT\"><\/td>\n<td align=\"LEFT\"><\/td>\n<td align=\"LEFT\"><\/td>\n<td align=\"CENTER\"><\/td>\n<\/tr>\n<tr>\n<td align=\"LEFT\" height=\"20\"><span style=\"font-size: medium;\">Sonstiges: <\/span><\/td>\n<td align=\"LEFT\"><span lang=\"DE\">Francis Ekidor ERAIN <\/span><\/td>\n<td align=\"LEFT\">(Bruder von Lokomwa und erstmals in \u00d6sterreich)<\/td>\n<td align=\"LEFT\"><\/td>\n<td align=\"LEFT\"><\/td>\n<td align=\"CENTER\"><\/td>\n<\/tr>\n<tr>\n<td align=\"LEFT\" height=\"20\"><\/td>\n<td align=\"LEFT\"><\/td>\n<td align=\"LEFT\"><\/td>\n<td align=\"LEFT\"><\/td>\n<td align=\"LEFT\"><\/td>\n<td align=\"CENTER\"><\/td>\n<\/tr>\n<tr>\n<td align=\"LEFT\" height=\"20\"><\/td>\n<td align=\"LEFT\"><\/td>\n<td align=\"LEFT\"><\/td>\n<td align=\"LEFT\"><\/td>\n<td align=\"LEFT\"><\/td>\n<td align=\"CENTER\"><\/td>\n<\/tr>\n<\/tbody>\n<\/table>\n<p><!--more--><\/p>\n","protected":false},"excerpt":{"rendered":"<p>Datum Land Stadt 2015 6 7 AT Mondseelauf Details zur Veranstaltung &gt;&gt;&gt; Webinfo &lt;&lt;&lt; Betreuer: Martin Helletzgruber Athleten Samuel\u00a0 Njeru KARANIFrancis Ekidor ERAIN Abholung von Ort \/ Zeit \u00a0Loipersdorf Martin ist ab Freitag in Loipersdorf, wird\u00a0am Samstag mit Samuel und Francis nach Mondsee fahren. Sie landen am 4.6. in Wien und Thomas Krejci bringt sie [&hellip;]<\/p>\n","protected":false},"author":1,"featured_media":0,"parent":34,"menu_order":0,"comment_status":"open","ping_status":"open","template":"templates\/full-width.php","meta":[],"_links":{"self":[{"href":"http:\/\/r2g.heinzl.cc\/index.php?rest_route=\/wp\/v2\/pages\/185"}],"collection":[{"href":"http:\/\/r2g.heinzl.cc\/index.php?rest_route=\/wp\/v2\/pages"}],"about":[{"href":"http:\/\/r2g.heinzl.cc\/index.php?rest_route=\/wp\/v2\/types\/page"}],"author":[{"embeddable":true,"href":"http:\/\/r2g.heinzl.cc\/index.php?rest_route=\/wp\/v2\/users\/1"}],"replies":[{"embeddable":true,"href":"http:\/\/r2g.heinzl.cc\/index.php?rest_route=%2Fwp%2Fv2%2Fcomments&post=185"}],"version-history":[{"count":8,"href":"http:\/\/r2g.heinzl.cc\/index.php?rest_route=\/wp\/v2\/pages\/185\/revisions"}],"predecessor-version":[{"id":200,"href":"http:\/\/r2g.heinzl.cc\/index.php?rest_route=\/wp\/v2\/pages\/185\/revisions\/200"}],"up":[{"embeddable":true,"href":"http:\/\/r2g.heinzl.cc\/index.php?rest_route=\/wp\/v2\/pages\/34"}],"wp:attachment":[{"href":"http:\/\/r2g.heinzl.cc\/index.php?rest_route=%2Fwp%2Fv2%2Fmedia&parent=185"}],"curies":[{"name":"wp","href":"https:\/\/api.w.org\/{rel}","templated":true}]}}